{"id":39,"date":"2021-10-03T11:39:30","date_gmt":"2021-10-03T09:39:30","guid":{"rendered":"http:\/\/trailsaintmichel.be\/?page_id=39"},"modified":"2025-12-06T09:45:58","modified_gmt":"2025-12-06T08:45:58","slug":"infos","status":"publish","type":"page","link":"https:\/\/rocheaminguet.be\/index.php\/infos\/","title":{"rendered":"Infos"},"content":{"rendered":"\t\t<div data-elementor-type=\"wp-page\" data-elementor-id=\"39\" class=\"elementor elementor-39\" data-elementor-settings=\"[]\">\n\t\t\t\t\t\t\t<div class=\"elementor-section-wrap\">\n\t\t\t\t\t\t\t<section class=\"elementor-section elementor-top-section elementor-element elementor-element-e772473 elementor-section-boxed elementor-section-height-default elementor-section-height-default\" data-id=\"e772473\" data-element_type=\"section\">\n\t\t\t\t\t\t<div class=\"elementor-container elementor-column-gap-extended\">\n\t\t\t\t\t<div class=\"elementor-column elementor-col-100 elementor-top-column elementor-element elementor-element-c1c8ff4 sc_layouts_column_icons_position_left\" data-id=\"c1c8ff4\" data-element_type=\"column\">\n\t\t\t<div class=\"elementor-widget-wrap elementor-element-populated\">\n\t\t\t\t\t\t\t\t<div class=\"elementor-element elementor-element-4bbc60d elementor-widget elementor-widget-heading\" data-id=\"4bbc60d\" data-element_type=\"widget\" data-widget_type=\"heading.default\">\n\t\t\t\t<div class=\"elementor-widget-container\">\n\t\t\t<h4 class=\"elementor-heading-title elementor-size-default\">R\u00c9GLEMENT 2026 - ROCHE A MINGUET<\/h4>\t\t<\/div>\n\t\t\t\t<\/div>\n\t\t\t\t\t<\/div>\n\t\t<\/div>\n\t\t\t\t\t\t\t<\/div>\n\t\t<\/section>\n\t\t\t\t<section class=\"elementor-section elementor-top-section elementor-element elementor-element-c135cfd elementor-section-boxed elementor-section-height-default elementor-section-height-default\" data-id=\"c135cfd\" data-element_type=\"section\">\n\t\t\t\t\t\t<div class=\"elementor-container elementor-column-gap-extended\">\n\t\t\t\t\t<div class=\"elementor-column elementor-col-100 elementor-top-column elementor-element elementor-element-8ebc60d sc_layouts_column_icons_position_left\" data-id=\"8ebc60d\" data-element_type=\"column\">\n\t\t\t<div class=\"elementor-widget-wrap elementor-element-populated\">\n\t\t\t\t\t\t\t\t<div class=\"elementor-element elementor-element-9547d3b elementor-widget elementor-widget-text-editor\" data-id=\"9547d3b\" data-element_type=\"widget\" data-widget_type=\"text-editor.default\">\n\t\t\t\t<div class=\"elementor-widget-container\">\n\t\t\t\t\t\t\t<p>Le trail de la Roche \u00e0 Minguet est une course p\u00e9destre disput\u00e9e \u00e0 99% sur des sentiers et des<br>chemins forestiers balis\u00e9s, courue en semi-autosuffisance sur plusieurs distances :&nbsp;<br><span style=\"font-size: 16px; letter-spacing: 0.42px;\">Un ravitaillement est pr\u00e9vu sur le parcours.<\/span><\/p>\n<p><span style=\"font-size: 16px; letter-spacing: 0.42px;\">Un ravitaillement \u00e0 l\u2019arriv\u00e9e \u00e9galement.&nbsp;<\/span><\/p>\n<p>&nbsp;<span style=\"font-size: 16px; letter-spacing: 0.42px;\">Le retrait des dossards se fera le jour de la course, \u00e0 partir de 18h00.<\/span><\/p>\n<p>Heures de D\u00e9part:<br>Trail&nbsp; : 19H30<br><br><\/p>\t\t\t\t\t\t<\/div>\n\t\t\t\t<\/div>\n\t\t\t\t\t<\/div>\n\t\t<\/div>\n\t\t\t\t\t\t\t<\/div>\n\t\t<\/section>\n\t\t\t\t<section class=\"elementor-section elementor-top-section elementor-element elementor-element-b663cc1 elementor-section-boxed elementor-section-height-default elementor-section-height-default\" data-id=\"b663cc1\" data-element_type=\"section\">\n\t\t\t\t\t\t<div class=\"elementor-container elementor-column-gap-extended\">\n\t\t\t\t\t<div class=\"elementor-column elementor-col-100 elementor-top-column elementor-element elementor-element-a214545 sc_layouts_column_icons_position_left\" data-id=\"a214545\" data-element_type=\"column\">\n\t\t\t<div class=\"elementor-widget-wrap elementor-element-populated\">\n\t\t\t\t\t\t\t\t<div class=\"elementor-element elementor-element-f0f701c elementor-widget elementor-widget-text-editor\" data-id=\"f0f701c\" data-element_type=\"widget\" data-widget_type=\"text-editor.default\">\n\t\t\t\t<div class=\"elementor-widget-container\">\n\t\t\t\t\t\t\t<p><b><i>\u00ab\u00a0La Nature vous accueille, respectez-la !<\/i><\/b><b><i><br \/><\/i><\/b><b><i>Tout coureur qui abandonne des d\u00e9chets sur le parcours sera disqualifi\u00e9. Le ravitaillement sauvage est strictement interdit, tout comme l&rsquo;accompagnement par des suiveurs et l&rsquo;utilisation de VTT, \u00e0 l&rsquo;exception de ceux\u00a0 pr\u00e9vus par l\u2019organisation. Tout non-respect de cette r\u00e8gle entra\u00eenera une disqualification imm\u00e9diate.<\/i><\/b><\/p><p><strong style=\"font-size: 16px; letter-spacing: 0.42px;\">L\u2019inscription au Trail de la Roche \u00e0 Minguet\u00a0 implique la connaissance et<\/strong><b><i><br \/><\/i><\/b><\/p><p><strong>l\u2019acceptation du pr\u00e9sent r\u00e8glement.\u00a0\u00bb<\/strong><\/p>\t\t\t\t\t\t<\/div>\n\t\t\t\t<\/div>\n\t\t\t\t\t<\/div>\n\t\t<\/div>\n\t\t\t\t\t\t\t<\/div>\n\t\t<\/section>\n\t\t\t\t\t\t<\/div>\n\t\t\t\t\t<\/div>\n\t\t","protected":false},"excerpt":{"rendered":"<p>R\u00c9GLEMENT 2026 &#8211; ROCHE A MINGUET Le trail de la Roche \u00e0 Minguet est une course p\u00e9destre disput\u00e9e \u00e0 99% sur des sentiers et deschemins forestiers balis\u00e9s, courue en semi-autosuffisance sur plusieurs distances :&nbsp;Un ravitaillement est pr\u00e9vu sur le parcours. Un ravitaillement \u00e0 l\u2019arriv\u00e9e \u00e9galement.&nbsp; &nbsp;Le retrait des dossards se fera le&hellip;<\/p>\n","protected":false},"author":1,"featured_media":0,"parent":0,"menu_order":0,"comment_status":"closed","ping_status":"closed","template":"","meta":{"ngg_post_thumbnail":0,"footnotes":""},"_links":{"self":[{"href":"https:\/\/rocheaminguet.be\/index.php\/wp-json\/wp\/v2\/pages\/39"}],"collection":[{"href":"https:\/\/rocheaminguet.be\/index.php\/wp-json\/wp\/v2\/pages"}],"about":[{"href":"https:\/\/rocheaminguet.be\/index.php\/wp-json\/wp\/v2\/types\/page"}],"author":[{"embeddable":true,"href":"https:\/\/rocheaminguet.be\/index.php\/wp-json\/wp\/v2\/users\/1"}],"replies":[{"embeddable":true,"href":"https:\/\/rocheaminguet.be\/index.php\/wp-json\/wp\/v2\/comments?post=39"}],"version-history":[{"count":38,"href":"https:\/\/rocheaminguet.be\/index.php\/wp-json\/wp\/v2\/pages\/39\/revisions"}],"predecessor-version":[{"id":1112,"href":"https:\/\/rocheaminguet.be\/index.php\/wp-json\/wp\/v2\/pages\/39\/revisions\/1112"}],"wp:attachment":[{"href":"https:\/\/rocheaminguet.be\/index.php\/wp-json\/wp\/v2\/media?parent=39"}],"curies":[{"name":"wp","href":"https:\/\/api.w.org\/{rel}","templated":true}]}}