{"id":37,"date":"2021-10-03T11:39:18","date_gmt":"2021-10-03T09:39:18","guid":{"rendered":"http:\/\/trailsaintmichel.be\/?page_id=37"},"modified":"2024-03-05T21:40:20","modified_gmt":"2024-03-05T20:40:20","slug":"resultats","status":"publish","type":"page","link":"https:\/\/rocheaminguet.be\/index.php\/resultats\/","title":{"rendered":"R\u00e9sultats"},"content":{"rendered":"\t\t<div data-elementor-type=\"wp-page\" data-elementor-id=\"37\" class=\"elementor elementor-37\" data-elementor-settings=\"[]\">\n\t\t\t\t\t\t\t<div class=\"elementor-section-wrap\">\n\t\t\t\t\t\t\t<section class=\"elementor-section elementor-top-section elementor-element elementor-element-126dcdf1 elementor-section-boxed elementor-section-height-default elementor-section-height-default\" data-id=\"126dcdf1\" data-element_type=\"section\">\n\t\t\t\t\t\t<div class=\"elementor-container elementor-column-gap-extended\">\n\t\t\t\t\t<div class=\"elementor-column elementor-col-100 elementor-top-column elementor-element elementor-element-3982792e sc_layouts_column_icons_position_left\" data-id=\"3982792e\" data-element_type=\"column\">\n\t\t\t<div class=\"elementor-widget-wrap elementor-element-populated\">\n\t\t\t\t\t\t\t\t<div class=\"elementor-element elementor-element-5f2ec1b8 elementor-widget elementor-widget-text-editor\" data-id=\"5f2ec1b8\" data-element_type=\"widget\" data-widget_type=\"text-editor.default\">\n\t\t\t\t<div class=\"elementor-widget-container\">\n\t\t\t\t\t\t\t<p><!-- wp:paragraph --><\/p>\n<h3>Disponible sur le site Ultratiming.be<\/h3>\n<p><!-- \/wp:paragraph --><\/p>\t\t\t\t\t\t<\/div>\n\t\t\t\t<\/div>\n\t\t\t\t\t<\/div>\n\t\t<\/div>\n\t\t\t\t\t\t\t<\/div>\n\t\t<\/section>\n\t\t\t\t<section class=\"elementor-section elementor-top-section elementor-element elementor-element-58f371e elementor-section-boxed elementor-section-height-default elementor-section-height-default\" data-id=\"58f371e\" data-element_type=\"section\">\n\t\t\t\t\t\t<div class=\"elementor-container elementor-column-gap-extended\">\n\t\t\t\t\t<div class=\"elementor-column elementor-col-100 elementor-top-column elementor-element elementor-element-5fffad2 sc_layouts_column_icons_position_left\" data-id=\"5fffad2\" data-element_type=\"column\">\n\t\t\t<div class=\"elementor-widget-wrap elementor-element-populated\">\n\t\t\t\t\t\t\t\t<div class=\"elementor-element elementor-element-9953293 elementor-widget elementor-widget-text-editor\" data-id=\"9953293\" data-element_type=\"widget\" data-widget_type=\"text-editor.default\">\n\t\t\t\t<div class=\"elementor-widget-container\">\n\t\t\t\t\t\t\t<p>Edition 2022 :\u00a0<a href=\"https:\/\/www.ultratiming.be\/evenement\/trail-de-la-roche-a-minguet-2022\" target=\"_blank\" rel=\"noopener\">R\u00e9sultats<\/a><\/p>\t\t\t\t\t\t<\/div>\n\t\t\t\t<\/div>\n\t\t\t\t<div class=\"elementor-element elementor-element-ca420b3 elementor-widget elementor-widget-text-editor\" data-id=\"ca420b3\" data-element_type=\"widget\" data-widget_type=\"text-editor.default\">\n\t\t\t\t<div class=\"elementor-widget-container\">\n\t\t\t\t\t\t\t<p>Edition 2023 : <a href=\"https:\/\/www.ultratiming.be\/evenement\/trail-de-la-roche-a-minguet-2023\">R\u00e9sultats<\/a><\/p>\t\t\t\t\t\t<\/div>\n\t\t\t\t<\/div>\n\t\t\t\t<div class=\"elementor-element elementor-element-2e3577c elementor-widget elementor-widget-text-editor\" data-id=\"2e3577c\" data-element_type=\"widget\" data-widget_type=\"text-editor.default\">\n\t\t\t\t<div class=\"elementor-widget-container\">\n\t\t\t\t\t\t\t<p>Edition 2024 :&nbsp;<a href=\"https:\/\/www.ultratiming.be\/evenement\/trail-de-la-roche-a-minguet-2024\" target=\"_blank\" style=\"font-size: 13px; background-color: rgb(30, 30, 30); letter-spacing: 0.42px;\">R\u00e9sultats<\/a><\/p>\t\t\t\t\t\t<\/div>\n\t\t\t\t<\/div>\n\t\t\t\t\t<\/div>\n\t\t<\/div>\n\t\t\t\t\t\t\t<\/div>\n\t\t<\/section>\n\t\t\t\t\t\t<\/div>\n\t\t\t\t\t<\/div>\n\t\t","protected":false},"excerpt":{"rendered":"<p>Disponible sur le site Ultratiming.be Edition 2022 :\u00a0R\u00e9sultats Edition 2023 : R\u00e9sultats Edition 2024 :&nbsp;R\u00e9sultats<\/p>\n","protected":false},"author":1,"featured_media":0,"parent":0,"menu_order":0,"comment_status":"closed","ping_status":"closed","template":"","meta":{"ngg_post_thumbnail":0,"footnotes":""},"_links":{"self":[{"href":"https:\/\/rocheaminguet.be\/index.php\/wp-json\/wp\/v2\/pages\/37"}],"collection":[{"href":"https:\/\/rocheaminguet.be\/index.php\/wp-json\/wp\/v2\/pages"}],"about":[{"href":"https:\/\/rocheaminguet.be\/index.php\/wp-json\/wp\/v2\/types\/page"}],"author":[{"embeddable":true,"href":"https:\/\/rocheaminguet.be\/index.php\/wp-json\/wp\/v2\/users\/1"}],"replies":[{"embeddable":true,"href":"https:\/\/rocheaminguet.be\/index.php\/wp-json\/wp\/v2\/comments?post=37"}],"version-history":[{"count":21,"href":"https:\/\/rocheaminguet.be\/index.php\/wp-json\/wp\/v2\/pages\/37\/revisions"}],"predecessor-version":[{"id":546,"href":"https:\/\/rocheaminguet.be\/index.php\/wp-json\/wp\/v2\/pages\/37\/revisions\/546"}],"wp:attachment":[{"href":"https:\/\/rocheaminguet.be\/index.php\/wp-json\/wp\/v2\/media?parent=37"}],"curies":[{"name":"wp","href":"https:\/\/api.w.org\/{rel}","templated":true}]}}